{"id":357,"date":"2018-10-14T17:40:01","date_gmt":"2018-10-14T15:40:01","guid":{"rendered":"https:\/\/www.honey-pi.de\/?page_id=357"},"modified":"2019-11-27T14:56:53","modified_gmt":"2019-11-27T13:56:53","slug":"datenschutzerklaerung-android-app","status":"publish","type":"page","link":"https:\/\/honey-pi.de\/en\/datenschutzerklaerung-android-app\/","title":{"rendered":"Datenschutzerkl\u00e4rung Android App"},"content":{"rendered":"<p>Diese Anwendung erhebt personenbezogene Daten von ihren Nutzern.<\/p>\n<hr \/>\n<h2>Anbieter und Verantwortlicher<\/h2>\n<p>Verantwortliche Stelle im Sinne der Datenschutzgesetze, insbesondere der EU-Datenschutzgrundverordnung (DSGVO), ist:<\/p>\n<p><img loading=\"lazy\" decoding=\"async\" class=\"alignnone wp-image-1236\" src=\"https:\/\/www.honey-pi.de\/wp-content\/uploads\/Adresse-Datenschutzerkl\u00e4rung-Android-App.png\" alt=\"\" width=\"232\" height=\"154\" \/><\/p>\n<hr \/>\n<h2>Arten der erhobenen Daten<\/h2>\n<p>Der Eigent\u00fcmer stellt keine Auflistung der erhobenen personenbezogenen Daten zur Verf\u00fcgung.<\/p>\n<p>Vollst\u00e4ndige Details zu jeder Art von verarbeiteten personenbezogenen Daten werden in den daf\u00fcr vorgesehenen Abschnitten dieser Datenschutzerkl\u00e4rung oder punktuell durch Erkl\u00e4rungstexte bereitgestellt, die vor der Datenerhebung angezeigt werden.<br \/>\nPersonenbezogene Daten k\u00f6nnen vom Nutzer freiwillig angegeben oder, im Falle von Nutzungsdaten, automatisch erhoben werden, wenn diese Anwendung genutzt wird.<br \/>\nSofern nicht anders angegeben, ist die Angabe aller durch diese Anwendung angeforderten Daten obligatorisch. Weigert sich der Nutzer, die Daten anzugeben, kann dies dazu f\u00fchren, dass diese Anwendung dem Nutzer ihre Dienste nicht zur Verf\u00fcgung stellen kann. In F\u00e4llen, in denen diese Anwendung die Angabe personenbezogener Daten ausdr\u00fccklich als freiwillig bezeichnet, d\u00fcrfen sich die Nutzer daf\u00fcr entscheiden, diese Daten ohne jegliche Folgen f\u00fcr die Verf\u00fcgbarkeit oder die Funktionsf\u00e4higkeit des Dienstes nicht anzugeben.<br \/>\nNutzer, die sich dar\u00fcber im Unklaren sind, welche personenbezogenen Daten obligatorisch sind, k\u00f6nnen sich an den Anbieter wenden.<br \/>\nJegliche Verwendung von Cookies \u2013 oder anderer Tracking-Tools \u2013 durch diese Anwendung oder Anbieter von Drittdiensten, die durch diese Anwendung eingesetzt werden, dient dem Zweck, den vom Nutzer gew\u00fcnschten Dienst zu erbringen, und allen anderen Zwecken, die im vorliegenden Dokument und, falls vorhanden, in der Cookie-Richtlinie beschrieben sind.<\/p>\n<p>Die Nutzer sind f\u00fcr alle personenbezogenen Daten Dritter verantwortlich, die durch diese Anwendung beschafft, ver\u00f6ffentlicht oder weitergegeben werden, und best\u00e4tigen, dass sie die Zustimmung zur \u00dcbermittlung personenbezogener Daten etwaiger Dritter an diese Anwendung eingeholt haben.<\/p>\n<h2>Art und Ort der Datenverarbeitung<\/h2>\n<h3>Verarbeitungsmethoden<\/h3>\n<p>Der Anbieter verarbeitet die Nutzerdaten auf ordnungsgem\u00e4\u00dfe Weise und ergreift angemessene Sicherheitsma\u00dfnahmen, um den unbefugten Zugriff und die unbefugte Weiterleitung, Ver\u00e4nderung oder Vernichtung von Daten zu vermeiden.<br \/>\nDie Datenverarbeitung wird mittels Computern oder IT-basierten Systemen nach organisatorischen Verfahren und Verfahrensweisen durchgef\u00fchrt, die gezielt auf die angegebenen Zwecke abstellen. Zus\u00e4tzlich zum Verantwortlichen k\u00f6nnten auch andere Personen intern (Personalverwaltung, Vertrieb, Marketing, Rechtsabteilung, Systemadministratoren) oder extern \u2013 und in dem Fall soweit erforderlich, vom Verantwortlichen als Auftragsverarbeiter benannt (wie Anbieter technischer Dienstleistungen, Zustellunternehmen, Hosting-Anbieter, IT-Unternehmen oder Kommunikationsagenturen) &#8211; diese Anwendung betreiben und damit Zugriff auf die Daten haben. Eine aktuelle Liste dieser Beteiligten kann jederzeit vom Anbieter verlangt werden.<\/p>\n<h3>Rechtsgrundlagen der Verarbeitung<\/h3>\n<p>Der Anbieter darf personenbezogene Daten von Nutzern nur dann verarbeiten, wenn einer der folgenden Punkte zutrifft:<\/p>\n<ul>\n<li>Die Nutzer haben ihre Einwilligung f\u00fcr einen oder mehrere bestimmte Zwecke erteilt. Hinweis: In einigen Gesetzgebungen kann es dem Anbieter gestattet sein, personenbezogene Daten zu verarbeiten, bis der Nutzer einer solchen Verarbeitung widerspricht (&#8220;Opt-out&#8221;), ohne sich auf die Einwilligung oder eine andere der folgenden Rechtsgrundlagen verlassen zu m\u00fcssen. Dies gilt jedoch nicht, wenn die Verarbeitung personenbezogener Daten dem europ\u00e4ischen Datenschutzrecht unterliegt;<\/li>\n<li>die Datenerhebung ist f\u00fcr die Erf\u00fcllung eines Vertrages mit dem Nutzer und\/oder f\u00fcr vorvertragliche Ma\u00dfnahmen daraus erforderlich;<\/li>\n<li>die Verarbeitung ist f\u00fcr die Erf\u00fcllung einer rechtlichen Verpflichtung, der der Anbieter unterliegt, erforderlich;<\/li>\n<li>die Verarbeitung steht im Zusammenhang mit einer Aufgabe, die im \u00f6ffentlichen Interesse oder in Aus\u00fcbung hoheitlicher Befugnisse, die dem Anbieter \u00fcbertragen wurden, durchgef\u00fchrt wird;<\/li>\n<li>die Verarbeitung ist zur Wahrung der berechtigten Interessen des Anbieters oder eines Dritten erforderlich.<\/li>\n<\/ul>\n<p>In jedem Fall erteilt der Anbieter gerne Auskunft \u00fcber die konkrete Rechtsgrundlage, auf der die Verarbeitung beruht, insbesondere dar\u00fcber, ob die Angabe personenbezogener Daten eine gesetzliche oder vertragliche Verpflichtung oder eine Voraussetzung f\u00fcr den Abschluss eines Vertrages ist.<\/p>\n<h3>Ort<\/h3>\n<p>Die Daten werden in der Niederlassung des Anbieters und an allen anderen Orten, an denen sich die an der Datenverarbeitung beteiligten Stellen befinden, verarbeitet.<\/p>\n<p>Je nach Standort der Nutzer k\u00f6nnen Daten\u00fcbertragungen die \u00dcbertragung der Daten des Nutzers in ein anderes Land als das eigene beinhalten. Um mehr \u00fcber den Ort der Verarbeitung der \u00fcbermittelten Daten zu erfahren, k\u00f6nnen die Nutzer den Abschnitt mit den ausf\u00fchrlichen Angaben zur Verarbeitung der personenbezogenen Daten konsultieren.<\/p>\n<p>Die Nutzer haben auch das Recht, sich \u00fcber die Rechtsgrundlage der Daten\u00fcbermittlung in ein Land au\u00dferhalb der Europ\u00e4ischen Union oder an eine internationale Organisation, die dem V\u00f6lkerrecht unterliegt oder von zwei oder mehr L\u00e4ndern gegr\u00fcndet wurde, wie beispielsweise die UNO, sowie sich \u00fcber die vom Anbieter ergriffenen Sicherheitsma\u00dfnahmen zum Schutz ihrer Daten aufkl\u00e4ren zu lassen.<\/p>\n<p>Wenn eine solche \u00dcbermittlung stattfindet, kann der Nutzer mehr dar\u00fcber erfahren, indem er die entsprechenden Abschnitte dieses Dokuments \u00fcberpr\u00fcft oder sich mit dem Anbieter \u00fcber die im Kontaktteil angegebenen Informationen in Verbindung setzt.<\/p>\n<h3>Speicherdauer<\/h3>\n<p>Personenbezogene Daten werden so lange verarbeitet und gespeichert, wie es der Zweck erfordert, zu dem sie erhoben wurden.<\/p>\n<p>Daher gilt:<\/p>\n<ul>\n<li>Personenbezogene Daten, die zu Zwecken der Erf\u00fcllung eines zwischen dem Anbieter und dem Nutzer geschlossenen Vertrages erhoben werden, werden bis zur vollst\u00e4ndigen Erf\u00fcllung dieses Vertrages gespeichert.<\/li>\n<li>Personenbezogene Daten, die zur Wahrung der berechtigten Interessen des Anbieters erhoben werden, werden so lange aufbewahrt, wie es zur Erf\u00fcllung dieser Zwecke erforderlich ist. Nutzer k\u00f6nnen n\u00e4here Informationen \u00fcber die berechtigten Interessen des Anbieters in den entsprechenden Abschnitten dieses Dokuments oder durch Kontaktaufnahme zum Anbieter erhalten.<\/li>\n<\/ul>\n<p>Dar\u00fcber hinaus ist es dem Anbieter gestattet, personenbezogene Daten f\u00fcr einen l\u00e4ngeren Zeitraum zu speichern, wenn der Nutzer in eine solche Verarbeitung eingewilligt hat, solange die Einwilligung nicht widerrufen wird. Dar\u00fcber hinaus kann der Anbieter verpflichtet sein, personenbezogene Daten f\u00fcr einen l\u00e4ngeren Zeitraum aufzubewahren, wenn dies zur Erf\u00fcllung einer gesetzlichen Verpflichtung oder auf Anordnung einer Beh\u00f6rde erforderlich ist.<\/p>\n<p>Nach Ablauf der Aufbewahrungsfrist werden personenbezogene Daten gel\u00f6scht. Daher k\u00f6nnen das Auskunftsrecht, das Recht auf L\u00f6schung, das Recht auf Berichtigung und das Recht auf Daten\u00fcbertragbarkeit nach Ablauf der Aufbewahrungsfrist nicht geltend gemacht werden.<\/p>\n<h2>Zwecke der Verarbeitung<\/h2>\n<p>Personenbezogene Daten \u00fcber den Nutzer werden erhoben, damit der Anbieter die Dienstleistungen erbringen kann. Dar\u00fcber hinaus werden Daten zu folgenden Zwecken erhoben: Versenden von Nachrichten.<\/p>\n<p>Nutzer k\u00f6nnen in den entsprechenden Abschnitten dieses Dokuments weitere detaillierte Informationen zu diesen Verarbeitungszwecken und zu den f\u00fcr den jeweiligen Zweck verwendeten personenbezogenen Daten vorfinden.<\/p>\n<h2>Ausf\u00fchrliche Angaben \u00fcber die Verarbeitung personenbezogener Daten<\/h2>\n<p>Personenbezogene Daten werden zu folgenden Zwecken unter Inanspruchnahme folgender Dienstleistungen erhoben:<\/p>\n<p><strong>Firebase Cloud Messaging<\/strong><\/p>\n<p>Firebase Cloud Messaging ist ein Dienst f\u00fcr den Nachrichtenversand, der von Google LLC oder von Google Ireland Limited, je nach Standort, von dem aus auf diese Anwendung zugegriffen wird. bereitgestellt wird. Firebase Cloud Messaging erm\u00f6glicht dem Eigent\u00fcmer, \u00fcber Plattformen wie Android, iOS und das Web Nachrichten und Benachrichtigungen an Nutzer zu senden. Nachrichten k\u00f6nnen an einzelne Ger\u00e4te, Ger\u00e4tegruppen, zu bestimmten Themen oder an bestimmte Benutzersegmente gesendet werden.<\/p>\n<p>Erhobene personenbezogene Daten: verschiedene Datenarten, wie in der Datenschutzerkl\u00e4rung des Dienstes beschrieben.<\/p>\n<p>Verarbeitungsort: Vereinigte Staaten oder Irland &#8211; <a href=\"https:\/\/policies.google.com\/privacy\" target=\"_blank\" rel=\"noopener noreferrer\">Datenschutzerkl\u00e4rung<\/a>. Privacy Shield-Mitglied.<\/p>\n<h2>Die Rechte der Nutzer<\/h2>\n<p>Die Nutzer k\u00f6nnen bestimmte Rechte in Bezug auf ihre vom Anbieter verarbeiteten Daten aus\u00fcben.<\/p>\n<p>Nutzer haben insbesondere das Recht, Folgendes zu tun:<\/p>\n<ul>\n<li><b>Die Einwilligungen jederzeit widerrufen.<\/b> Hat der Nutzer zuvor in die Verarbeitung personenbezogener Daten eingewilligt, so kann er die eigene Einwilligung jederzeit widerrufen.<\/li>\n<li><b>Widerspruch gegen die Verarbeitung ihrer Daten einlegen.<\/b> Der Nutzer hat das Recht, der Verarbeitung seiner Daten zu widersprechen, wenn die Verarbeitung auf einer anderen Rechtsgrundlage als der Einwilligung erfolgt. Weitere Informationen hierzu sind weiter unten aufgef\u00fchrt.<\/li>\n<li><b>Auskunft bez\u00fcglich ihrer Daten erhalten.<\/b> Der Nutzer hat das Recht zu erfahren, ob die Daten vom Anbieter verarbeitet werden, \u00fcber einzelne Aspekte der Verarbeitung Auskunft zu erhalten und eine Kopie der Daten zu erhalten.<\/li>\n<li><b>\u00dcberpr\u00fcfen und berichtigen lassen.<\/b> Der Nutzer hat das Recht, die Richtigkeit seiner Daten zu \u00fcberpr\u00fcfen und deren Aktualisierung oder Berichtigung zu verlangen.<\/li>\n<li><b>Einschr\u00e4nkung der Verarbeitung ihrer Daten verlangen.<\/b> Die Nutzer haben das Recht, unter bestimmten Umst\u00e4nden die Verarbeitung ihrer Daten einzuschr\u00e4nken. In diesem Fall wird der Anbieter die Daten zu keinem anderen Zweck als der Speicherung verarbeiten.<\/li>\n<li><b>L\u00f6schung oder anderweitiges Entfernen der personenbezogenen Daten verlangen.<\/b> Die Nutzer haben unter bestimmten Umst\u00e4nden das Recht, die L\u00f6schung ihrer Daten vom Anbieter zu verlangen.<\/li>\n<li><b>Ihre Daten erhalten und an einen anderen Verantwortlichen \u00fcbertragen lassen.<\/b> Der Nutzer hat das Recht, seine Daten in einem strukturierten, g\u00e4ngigen und maschinenlesbaren Format zu erhalten und, sofern technisch m\u00f6glich, ungehindert an einen anderen Verantwortlichen \u00fcbermitteln zu lassen. Diese Bestimmung ist anwendbar, sofern die Daten automatisiert verarbeitet werden und die Verarbeitung auf der Zustimmung des Nutzers, auf einem Vertrag, an dem der Nutzer beteiligt ist, oder auf vorvertraglichen Verpflichtungen beruht.<\/li>\n<li><b>Beschwerde einreichen.<\/b> Die Nutzer haben das Recht, eine Beschwerde bei der zust\u00e4ndigen Aufsichtsbeh\u00f6rde einzureichen.<\/li>\n<\/ul>\n<h3>Details zum Widerspruchsrecht bez\u00fcglich der Verarbeitung<\/h3>\n<p>Werden personenbezogene Daten im \u00f6ffentlichen Interesse, in Aus\u00fcbung eines dem Anbieter \u00fcbertragenen hoheitlichen Befugnisses oder zur Wahrung der berechtigten Interessen des Anbieters verarbeitet, kann der Nutzer dieser Verarbeitung widersprechen, indem er einen Rechtfertigungsgrund angibt, der sich auf seine besondere Situation bezieht.<\/p>\n<p>Nutzer werden dar\u00fcber informiert, dass sie der Verarbeitung der personenbezogenen Daten f\u00fcr Direktwerbung jederzeit ohne Angabe von Gr\u00fcnden widersprechen k\u00f6nnen. Ob der Anbieter personenbezogene Daten f\u00fcr Direktwerbungszwecke verarbeitet, k\u00f6nnen die Nutzer den entsprechenden Abschnitten dieses Dokuments entnehmen.<\/p>\n<h3>Wie die Rechte ausge\u00fcbt werden k\u00f6nnen<\/h3>\n<p>Alle Anfragen zur Aus\u00fcbung der Nutzerrechte k\u00f6nnen \u00fcber die in diesem Dokument angegebenen Kontaktdaten an den Anbieter gerichtet werden. Antr\u00e4ge k\u00f6nnen kostenlos ausge\u00fcbt werden und werden vom Anbieter so fr\u00fch wie m\u00f6glich, sp\u00e4testens innerhalb eines Monats, bearbeitet.<\/p>\n<h2>Weitere Informationen \u00fcber die Erhebung und Verarbeitung von Daten<\/h2>\n<h3>Rechtliche Ma\u00dfnahmen<\/h3>\n<p>Die personenbezogenen Daten des Nutzers k\u00f6nnen vom Anbieter zu Zwecken der Rechtsdurchsetzung innerhalb oder in Vorbereitung gerichtlicher Verfahren verarbeitet werden, die sich daraus ergeben, dass diese Anwendung oder die dazugeh\u00f6rigen Dienste nicht ordnungsgem\u00e4\u00df genutzt wurden.<br \/>\nDer Nutzer erkl\u00e4rt, sich dessen bewusst zu sein, dass der Anbieter von den Beh\u00f6rden zur Herausgabe von personenbezogenen Daten verpflichtet werden k\u00f6nnte.<\/p>\n<h3>Weitere Informationen \u00fcber die personenbezogenen Daten des Nutzers<\/h3>\n<p>Zus\u00e4tzlich zu den in dieser Datenschutzerkl\u00e4rung aufgef\u00fchrten Informationen kann diese Anwendung dem Nutzer auf Anfrage weitere kontextbezogene Informationen zur Verf\u00fcgung stellen, die sich auf bestimmte Dienste oder auf die Erhebung und Verarbeitung personenbezogener Daten beziehen.<\/p>\n<h3>Systemprotokolle und Wartung<\/h3>\n<p>Diese Anwendung und die Dienste von Drittanbietern k\u00f6nnen zu Betriebs- und Wartungszwecken Dateien sammeln, die die \u00fcber diese Anwendung stattfindende Interaktion aufzeichnen (Systemprotokolle), oder andere personenbezogene Daten (z. B. IP-Adresse) zu diesem Zweck verwenden.<\/p>\n<h3>Nicht in dieser Datenschutzerkl\u00e4rung enthaltene Informationen<\/h3>\n<p>Weitere Informationen \u00fcber die Erhebung oder Verarbeitung personenbezogener Daten k\u00f6nnen jederzeit vom Anbieter \u00fcber die aufgef\u00fchrten Kontaktangaben angefordert werden.<\/p>\n<h3>Wie \u201cDo Not Track\u201d Anfragen behandelt werden<\/h3>\n<p>Diese Anwendung unterst\u00fctzt keine Nicht-Verfolgen-Anfragen (&#8220;Do Not Track&#8221;) durch Webbrowser.<br \/>\nDie Information, ob integrierte Drittdienste das Nicht-Verfolgen Protokoll unterst\u00fctzen, entnehmen Nutzer der Datenschutzerkl\u00e4rung des jeweiligen Dienstes.<\/p>\n<h3>\u00c4nderungen dieser Datenschutzerkl\u00e4rung<\/h3>\n<p>Der Anbieter beh\u00e4lt sich vor, jederzeit \u00c4nderungen an dieser Datenschutzerkl\u00e4rung vorzunehmen, indem sie ihre Nutzer auf dieser Seite und gegebenenfalls \u00fcber diese Anwendung und\/oder &#8211; soweit technisch und rechtlich m\u00f6glich \u2013 durch das Versenden einer Mitteilung an die Nutzer \u00fcber eine der dem Anbieter zur Verf\u00fcgung stehenden Kontaktdaten entsprechend informiert. Nutzern wird daher nahe gelegt, diese Seite regelm\u00e4\u00dfig aufzurufen und dabei das am Seitenende angegebene Datum der letzten \u00c4nderung zu pr\u00fcfen.<\/p>\n<p>Soweit \u00c4nderungen eine auf der Einwilligung des Nutzers basierte Datennutzung betreffen, so wird der Anbieter &#8211; soweit erforderlich &#8211; eine neue Einwilligung einholen.<\/p>\n<h3>Begriffsbestimmungen und rechtliche Hinweise<\/h3>\n<h4>Personenbezogene Daten (oder Daten)<\/h4>\n<p>Alle Informationen, durch die direkt oder in Verbindung mit weiteren Informationen die Identit\u00e4t einer nat\u00fcrlichen Person bestimmt wird oder werden kann.<\/p>\n<h4>Nutzungsdaten<\/h4>\n<p>Informationen, die diese Anwendung (oder Dienste Dritter, die diese Anwendung in Anspruch nimmt), automatisch erhebt, z. B.: die IP-Adressen oder Domain-Namen der Computer von Nutzern, die diese Anwendung verwenden, die URI-Adressen (Uniform Resource Identifier), den Zeitpunkt der Anfrage, die Methode, die f\u00fcr die \u00dcbersendung der Anfrage an den Server verwendet wurde, die Gr\u00f6\u00dfe der empfangenen Antwort-Datei, der Zahlencode, der den Status der Server-Antwort anzeigt (erfolgreiches Ergebnis, Fehler etc.), das Herkunftsland, die Funktionen des vom Nutzer verwendeten Browsers und Betriebssystems, die diversen Zeitangaben pro Aufruf (z. B. wie viel Zeit auf jeder Seite der Anwendung verbracht wurde) und Angaben \u00fcber den Pfad, dem innerhalb einer Anwendung gefolgt wurde, insbesondere die Reihenfolge der besuchten Seiten, sowie sonstige Informationen \u00fcber das Betriebssystem des Ger\u00e4ts und\/oder die IT-Umgebung des Nutzers.<\/p>\n<h4>Nutzer<\/h4>\n<p>Die diese Anwendung verwendende Person, die, soweit nicht anders bestimmt, mit dem Betroffenen \u00fcbereinstimmt.<\/p>\n<h4>Betroffener<\/h4>\n<p>Die nat\u00fcrliche Person, auf die sich die personenbezogenen Daten beziehen.<\/p>\n<h4>Auftragsverarbeiter (oder Datenverarbeiter)<\/h4>\n<p>Nat\u00fcrliche oder juristische Person, Beh\u00f6rde, Einrichtung oder andere Stelle, die personenbezogene Daten im Auftrag des Verantwortlichen verarbeitet, wie in dieser Datenschutzerkl\u00e4rung beschrieben.<\/p>\n<h4>Verantwortlicher (oder Anbieter, teilweise auch Eigent\u00fcmer)<\/h4>\n<p>Die nat\u00fcrliche oder juristische Person, Beh\u00f6rde, Einrichtung oder andere Stelle, die allein oder gemeinsam mit anderen \u00fcber die Zwecke und Mittel der Verarbeitung personenbezogener Daten sowie die hierf\u00fcr verwendeten Mittel entscheidet, einschlie\u00dflich der Sicherheitsma\u00dfnahmen bez\u00fcglich des sich auf diese Anwendung beziehenden Betriebs und der Nutzung. Soweit nichts anderes angegeben ist, ist der Verantwortliche die nat\u00fcrliche oder juristische Person, \u00fcber welche diese Anwendung angeboten wird.<\/p>\n<h4>Diese Anwendung<\/h4>\n<p>Das Hardware- oder Software-Tool, mit dem die personenbezogenen Daten des Nutzers erhoben und verarbeitet werden.<\/p>\n<h4>Dienst<\/h4>\n<p>Der durch diese Anwendung angebotene Dienst, wie in den entsprechenden Nutzungsbedingungen (falls vorhanden) und auf dieser Seite\/Anwendung beschrieben.<\/p>\n<h4>Europ\u00e4ische Union (oder EU)<\/h4>\n<p>Sofern nicht anders angegeben, beziehen sich alle Verweise in diesem Dokument auf die Europ\u00e4ische Union auf alle derzeitigen Mitgliedstaaten der Europ\u00e4ischen Union und den Europ\u00e4ischen Wirtschaftsraum (EWR).<\/p>\n<h2>Fragen an den Datenschutzbeauftragten<\/h2>\n<p>Wenn Sie Fragen zum Datenschutz haben, schreiben Sie uns bitte eine E-Mail oder wenden Sie sich direkt an die f\u00fcr den Datenschutz verantwortliche Person in unserer Organisation:<\/p>\n<p><b>info@honey-pi.de<\/b><\/p>\n<hr \/>\n<h4>Rechtlicher Hinweis<\/h4>\n<p>Diese Datenschutzerkl\u00e4rung wurde auf der Grundlage von Bestimmungen verschiedener Gesetzgebungen verfasst, einschlie\u00dflich Art. 13\/14 der Verordnung (EU) 2016\/679 (Datenschutz-Grundverordnung).<\/p>\n<p>Diese Datenschutzerkl\u00e4rung bezieht sich ausschlie\u00dflich auf diese Anwendung, sofern in diesem Dokument nicht anders angegeben.<\/p>\n<hr \/>\n<p><i>Letzte Aktualisierung: 13. April 2019<\/i><\/p>\n","protected":false},"excerpt":{"rendered":"<p>Diese Anwendung erhebt personenbezogene Daten von ihren Nutzern. Anbieter und Verantwortlicher Verantwortliche Stelle im Sinne der Datenschutzgesetze, insbesondere der EU-Datenschutzgrundverordnung (DSGVO), ist: Arten der erhobenen Daten Der Eigent\u00fcmer stellt keine Auflistung der erhobenen personenbezogenen Daten zur Verf\u00fcgung. Vollst\u00e4ndige Details zu jeder Art von verarbeiteten personenbezogenen Daten werden in den daf\u00fcr vorgesehenen Abschnitten dieser Datenschutzerkl\u00e4rung oder punktuell durch Erkl\u00e4rungstexte\u2026 <span class=\"read-more\"><a href=\"https:\/\/honey-pi.de\/en\/datenschutzerklaerung-android-app\/\">Read More &raquo;<\/a><\/span><\/p>\n","protected":false},"author":1,"featured_media":0,"parent":0,"menu_order":0,"comment_status":"closed","ping_status":"closed","template":"page-templates\/full-width.php","meta":{"footnotes":""},"class_list":["post-357","page","type-page","status-publish","hentry"],"translation":{"provider":"WPGlobus","version":"3.0.2","language":"en","enabled_languages":["de","en"],"languages":{"de":{"title":true,"content":true,"excerpt":false},"en":{"title":false,"content":false,"excerpt":false}}},"_links":{"self":[{"href":"https:\/\/honey-pi.de\/en\/wp-json\/wp\/v2\/pages\/357","targetHints":{"allow":["GET"]}}],"collection":[{"href":"https:\/\/honey-pi.de\/en\/wp-json\/wp\/v2\/pages"}],"about":[{"href":"https:\/\/honey-pi.de\/en\/wp-json\/wp\/v2\/types\/page"}],"author":[{"embeddable":true,"href":"https:\/\/honey-pi.de\/en\/wp-json\/wp\/v2\/users\/1"}],"replies":[{"embeddable":true,"href":"https:\/\/honey-pi.de\/en\/wp-json\/wp\/v2\/comments?post=357"}],"version-history":[{"count":5,"href":"https:\/\/honey-pi.de\/en\/wp-json\/wp\/v2\/pages\/357\/revisions"}],"predecessor-version":[{"id":1619,"href":"https:\/\/honey-pi.de\/en\/wp-json\/wp\/v2\/pages\/357\/revisions\/1619"}],"wp:attachment":[{"href":"https:\/\/honey-pi.de\/en\/wp-json\/wp\/v2\/media?parent=357"}],"curies":[{"name":"wp","href":"https:\/\/api.w.org\/{rel}","templated":true}]}}